{"id":442,"date":"2020-12-19T13:34:03","date_gmt":"2020-12-19T13:34:03","guid":{"rendered":"https:\/\/mini-kindermusical.de\/?page_id=442"},"modified":"2020-12-19T13:35:32","modified_gmt":"2020-12-19T13:35:32","slug":"impressum","status":"publish","type":"page","link":"https:\/\/mini-kindermusical.de\/index.php\/impressum\/","title":{"rendered":"IMPRESSUM"},"content":{"rendered":"<p>[et_pb_section fb_built=&#8220;1&#8243; _builder_version=&#8220;3.22&#8243;][et_pb_row _builder_version=&#8220;3.25&#8243; background_size=&#8220;initial&#8220; background_position=&#8220;top_left&#8220; background_repeat=&#8220;repeat&#8220;][et_pb_column type=&#8220;4_4&#8243; _builder_version=&#8220;3.25&#8243; custom_padding=&#8220;|||&#8220; custom_padding__hover=&#8220;|||&#8220;][et_pb_text _builder_version=&#8220;4.7.7&#8243; background_size=&#8220;initial&#8220; background_position=&#8220;top_left&#8220; background_repeat=&#8220;repeat&#8220; hover_enabled=&#8220;0&#8243; sticky_enabled=&#8220;0&#8243;]<\/p>\n<p>Impressum Angaben gem\u00e4\u00df \u00a7 5 TMG<\/p>\n<p>Alexander Hertel<br \/>Fliednerstr. 14<br \/>40489 D\u00fcsseldorf<\/p>\n<p>Kontakt<br \/>Telefon: +40 (0) 211 4059653<br \/>E-Mail: s.hertel@slyzz.me<\/p>\n<p>Hosting: www.slyzz.me<br \/>Konzeption und Screendesign slyzz.me in Zusammenarbeit mit Nadja Merholz<\/p>\n<p>Text und Melodien der Musicals: Daniel Kaufmann<br \/>Arrangement, Mix und Produktion: Alexander Hertel<\/p>\n<p>&nbsp;<\/p>\n<p>Haftung f\u00fcr Inhalte Als Diensteanbieter sind wir gem\u00e4\u00df \u00a7 7 Abs.1 TMG f\u00fcr eigene Inhalte auf diesen Seiten nach den allgemeinen Gesetzen verantwortlich. Nach \u00a7\u00a7 8 bis 10 TMG sind wir als Diensteanbieter jedoch nicht verpflichtet, \u00fcbermittelte oder gespeicherte fremde Informationen zu \u00fcberwachen oder nach Umst\u00e4nden zu forschen, die auf eine rechtswidrige T\u00e4tigkeit hinweisen. Verpflichtungen zur Entfernung oder Sperrung der Nutzung von Informationen nach den allgemeinen Gesetzen bleiben hiervon unber\u00fchrt. Eine diesbez\u00fcgliche Haftung ist jedoch erst ab dem Zeitpunkt der Kenntnis einer konkreten Rechtsverletzung m\u00f6glich. Bei Bekanntwerden von entsprechenden Rechtsverletzungen werden wir diese Inhalte umgehend entfernen. Haftung f\u00fcr Links Unser Angebot enth\u00e4lt Links zu externen Websites Dritter, auf deren Inhalte wir keinen Einfluss haben. Deshalb k\u00f6nnen wir f\u00fcr diese fremden Inhalte auch keine Gew\u00e4hr \u00fcbernehmen. F\u00fcr die Inhalte der verlinkten Seiten ist stets der jeweilige Anbieter oder Betreiber der Seiten verantwortlich. Die verlinkten Seiten wurden zum Zeitpunkt der Verlinkung auf m\u00f6gliche Rechtsverst\u00f6\u00dfe \u00fcberpr\u00fcft. Rechtswidrige Inhalte waren zum Zeitpunkt der Verlinkung nicht erkennbar. Eine permanente inhaltliche Kontrolle der verlinkten Seiten ist jedoch ohne konkrete Anhaltspunkte einer Rechtsverletzung nicht zumutbar. Bei Bekanntwerden von Rechtsverletzungen werden wir derartige Links umgehend entfernen. Urheberrecht Die durch die Seitenbetreiber erstellten Inhalte und Werke auf diesen Seiten unterliegen dem deutschen Urheberrecht. Die Vervielf\u00e4ltigung, Bearbeitung, Verbreitung und jede Art der Verwertung au\u00dferhalb der Grenzen des Urheberrechtes bed\u00fcrfen der schriftlichen Zustimmung des jeweiligen Autors bzw. Erstellers. Downloads und Kopien dieser Seite sind nur f\u00fcr den privaten, nicht kommerziellen Gebrauch gestattet. Soweit die Inhalte auf dieser Seite nicht vom Betreiber erstellt wurden, werden die Urheberrechte Dritter beachtet. Insbesondere werden Inhalte Dritter als solche gekennzeichnet. Sollten Sie trotzdem auf eine Urheberrechtsverletzung aufmerksam werden, bitten wir um einen entsprechenden Hinweis. Bei Bekanntwerden von Rechtsverletzungen werden wir derartige Inhalte umgehend entfernen.<\/p>\n<p>[\/et_pb_text][\/et_pb_column][\/et_pb_row][\/et_pb_section]<\/p>\n","protected":false},"excerpt":{"rendered":"<p>Impressum Angaben gem\u00e4\u00df \u00a7 5 TMG Alexander HertelFliednerstr. 1440489 D\u00fcsseldorf KontaktTelefon: +40 (0) 211 4059653E-Mail: s.hertel@slyzz.me Hosting: www.slyzz.meKonzeption und Screendesign slyzz.me in Zusammenarbeit mit Nadja Merholz Text und Melodien der Musicals: Daniel KaufmannArrangement, Mix und Produktion: Alexander Hertel &nbsp; Haftung f\u00fcr Inhalte Als Diensteanbieter sind wir gem\u00e4\u00df \u00a7 7 Abs.1 TMG f\u00fcr eigene Inhalte auf [&hellip;]<\/p>\n","protected":false},"author":1,"featured_media":0,"parent":0,"menu_order":0,"comment_status":"closed","ping_status":"closed","template":"","meta":{"_et_pb_use_builder":"on","_et_pb_old_content":"<!-- wp:paragraph -->\n<p>Impressum Angaben gem\u00e4\u00df \u00a7 5 TMG <\/p>\n<!-- \/wp:paragraph -->\n\n<!-- wp:paragraph -->\n<p>Alexander Hertel <br>Fliednerstr. 14 <br>40489 D\u00fcsseldorf <br>Kontakt <br>Telefon: +40 (0) 211 4059653 <br>E-Mail: s.hertel@slyzz.me<\/p>\n<!-- \/wp:paragraph -->\n\n<!-- wp:paragraph -->\n<p>Hosting: www.slyzz.me<br>Konzeption und Screendesign slyzz.me in Zusammenarbeit mit Nadja Merholz<br><br>Haftung f\u00fcr Inhalte Als Diensteanbieter sind wir gem\u00e4\u00df \u00a7 7 Abs.1 TMG f\u00fcr eigene Inhalte auf diesen Seiten nach den allgemeinen Gesetzen verantwortlich. Nach \u00a7\u00a7 8 bis 10 TMG sind wir als Diensteanbieter jedoch nicht verpflichtet, \u00fcbermittelte oder gespeicherte fremde Informationen zu \u00fcberwachen oder nach Umst\u00e4nden zu forschen, die auf eine rechtswidrige T\u00e4tigkeit hinweisen. Verpflichtungen zur Entfernung oder Sperrung der Nutzung von Informationen nach den allgemeinen Gesetzen bleiben hiervon unber\u00fchrt. Eine diesbez\u00fcgliche Haftung ist jedoch erst ab dem Zeitpunkt der Kenntnis einer konkreten Rechtsverletzung m\u00f6glich. Bei Bekanntwerden von entsprechenden Rechtsverletzungen werden wir diese Inhalte umgehend entfernen. Haftung f\u00fcr Links Unser Angebot enth\u00e4lt Links zu externen Websites Dritter, auf deren Inhalte wir keinen Einfluss haben. Deshalb k\u00f6nnen wir f\u00fcr diese fremden Inhalte auch keine Gew\u00e4hr \u00fcbernehmen. F\u00fcr die Inhalte der verlinkten Seiten ist stets der jeweilige Anbieter oder Betreiber der Seiten verantwortlich. Die verlinkten Seiten wurden zum Zeitpunkt der Verlinkung auf m\u00f6gliche Rechtsverst\u00f6\u00dfe \u00fcberpr\u00fcft. Rechtswidrige Inhalte waren zum Zeitpunkt der Verlinkung nicht erkennbar. Eine permanente inhaltliche Kontrolle der verlinkten Seiten ist jedoch ohne konkrete Anhaltspunkte einer Rechtsverletzung nicht zumutbar. Bei Bekanntwerden von Rechtsverletzungen werden wir derartige Links umgehend entfernen. Urheberrecht Die durch die Seitenbetreiber erstellten Inhalte und Werke auf diesen Seiten unterliegen dem deutschen Urheberrecht. Die Vervielf\u00e4ltigung, Bearbeitung, Verbreitung und jede Art der Verwertung au\u00dferhalb der Grenzen des Urheberrechtes bed\u00fcrfen der schriftlichen Zustimmung des jeweiligen Autors bzw. Erstellers. Downloads und Kopien dieser Seite sind nur f\u00fcr den privaten, nicht kommerziellen Gebrauch gestattet. Soweit die Inhalte auf dieser Seite nicht vom Betreiber erstellt wurden, werden die Urheberrechte Dritter beachtet. Insbesondere werden Inhalte Dritter als solche gekennzeichnet. Sollten Sie trotzdem auf eine Urheberrechtsverletzung aufmerksam werden, bitten wir um einen entsprechenden Hinweis. Bei Bekanntwerden von Rechtsverletzungen werden wir derartige Inhalte umgehend entfernen.<\/p>\n<!-- \/wp:paragraph -->","_et_gb_content_width":"","footnotes":""},"class_list":["post-442","page","type-page","status-publish","hentry"],"yoast_head":"<!-- This site is optimized with the Yoast SEO plugin v24.9 - https:\/\/yoast.com\/wordpress\/plugins\/seo\/ -->\n<title>IMPRESSUM - Mini-Kindermusicals der Kinderkantorei Kaiserswerth&amp;Lohausen<\/title>\n<meta name=\"description\" content=\"Liebevoll angeleitet von unsererKantorin Susanne Hiekel singen wirfetzige, freche, feinsinnige, fantasievolle, fr\u00f6hlicheund (nicht nur) fromme Lieder von biblischen Kindermusicals.\" \/>\n<meta name=\"robots\" content=\"index, follow, max-snippet:-1, max-image-preview:large, max-video-preview:-1\" \/>\n<link rel=\"canonical\" href=\"https:\/\/mini-kindermusical.de\/index.php\/impressum\/\" \/>\n<meta property=\"og:locale\" content=\"de_DE\" \/>\n<meta property=\"og:type\" content=\"article\" \/>\n<meta property=\"og:title\" content=\"IMPRESSUM - Mini-Kindermusicals der Kinderkantorei Kaiserswerth&amp;Lohausen\" \/>\n<meta property=\"og:description\" content=\"Liebevoll angeleitet von unsererKantorin Susanne Hiekel singen wirfetzige, freche, feinsinnige, fantasievolle, fr\u00f6hlicheund (nicht nur) fromme Lieder von biblischen Kindermusicals.\" \/>\n<meta property=\"og:url\" content=\"https:\/\/mini-kindermusical.de\/index.php\/impressum\/\" \/>\n<meta property=\"og:site_name\" content=\"Mini-Kindermusicals der Kinderkantorei Kaiserswerth&amp;Lohausen\" \/>\n<meta property=\"article:modified_time\" content=\"2020-12-19T13:35:32+00:00\" \/>\n<meta property=\"og:image\" content=\"https:\/\/mini-kindermusical.de\/wp-content\/uploads\/2020\/12\/Freddie-Favicon.png\" \/>\n\t<meta property=\"og:image:width\" content=\"506\" \/>\n\t<meta property=\"og:image:height\" content=\"514\" \/>\n\t<meta property=\"og:image:type\" content=\"image\/png\" \/>\n<meta name=\"twitter:card\" content=\"summary_large_image\" \/>\n<meta name=\"twitter:label1\" content=\"Gesch\u00e4tzte Lesezeit\" \/>\n\t<meta name=\"twitter:data1\" content=\"2\u00a0Minuten\" \/>\n<script type=\"application\/ld+json\" class=\"yoast-schema-graph\">{\"@context\":\"https:\/\/schema.org\",\"@graph\":[{\"@type\":\"WebPage\",\"@id\":\"https:\/\/mini-kindermusical.de\/index.php\/impressum\/\",\"url\":\"https:\/\/mini-kindermusical.de\/index.php\/impressum\/\",\"name\":\"IMPRESSUM - Mini-Kindermusicals der Kinderkantorei Kaiserswerth&amp;Lohausen\",\"isPartOf\":{\"@id\":\"https:\/\/mini-kindermusical.de\/#website\"},\"datePublished\":\"2020-12-19T13:34:03+00:00\",\"dateModified\":\"2020-12-19T13:35:32+00:00\",\"description\":\"Liebevoll angeleitet von unsererKantorin Susanne Hiekel singen wirfetzige, freche, feinsinnige, fantasievolle, fr\u00f6hlicheund (nicht nur) fromme Lieder von biblischen Kindermusicals.\",\"breadcrumb\":{\"@id\":\"https:\/\/mini-kindermusical.de\/index.php\/impressum\/#breadcrumb\"},\"inLanguage\":\"de\",\"potentialAction\":[{\"@type\":\"ReadAction\",\"target\":[\"https:\/\/mini-kindermusical.de\/index.php\/impressum\/\"]}]},{\"@type\":\"BreadcrumbList\",\"@id\":\"https:\/\/mini-kindermusical.de\/index.php\/impressum\/#breadcrumb\",\"itemListElement\":[{\"@type\":\"ListItem\",\"position\":1,\"name\":\"Home\",\"item\":\"https:\/\/mini-kindermusical.de\/\"},{\"@type\":\"ListItem\",\"position\":2,\"name\":\"IMPRESSUM\"}]},{\"@type\":\"WebSite\",\"@id\":\"https:\/\/mini-kindermusical.de\/#website\",\"url\":\"https:\/\/mini-kindermusical.de\/\",\"name\":\"Mini-Kindermusicals der Kinderkantorei Kaiserswerth&amp;Lohausen\",\"description\":\"Einfache coole kleine Mini-Kindermusicals\",\"potentialAction\":[{\"@type\":\"SearchAction\",\"target\":{\"@type\":\"EntryPoint\",\"urlTemplate\":\"https:\/\/mini-kindermusical.de\/?s={search_term_string}\"},\"query-input\":{\"@type\":\"PropertyValueSpecification\",\"valueRequired\":true,\"valueName\":\"search_term_string\"}}],\"inLanguage\":\"de\"}]}<\/script>\n<!-- \/ Yoast SEO plugin. -->","yoast_head_json":{"title":"IMPRESSUM - Mini-Kindermusicals der Kinderkantorei Kaiserswerth&amp;Lohausen","description":"Liebevoll angeleitet von unsererKantorin Susanne Hiekel singen wirfetzige, freche, feinsinnige, fantasievolle, fr\u00f6hlicheund (nicht nur) fromme Lieder von biblischen Kindermusicals.","robots":{"index":"index","follow":"follow","max-snippet":"max-snippet:-1","max-image-preview":"max-image-preview:large","max-video-preview":"max-video-preview:-1"},"canonical":"https:\/\/mini-kindermusical.de\/index.php\/impressum\/","og_locale":"de_DE","og_type":"article","og_title":"IMPRESSUM - Mini-Kindermusicals der Kinderkantorei Kaiserswerth&amp;Lohausen","og_description":"Liebevoll angeleitet von unsererKantorin Susanne Hiekel singen wirfetzige, freche, feinsinnige, fantasievolle, fr\u00f6hlicheund (nicht nur) fromme Lieder von biblischen Kindermusicals.","og_url":"https:\/\/mini-kindermusical.de\/index.php\/impressum\/","og_site_name":"Mini-Kindermusicals der Kinderkantorei Kaiserswerth&amp;Lohausen","article_modified_time":"2020-12-19T13:35:32+00:00","og_image":[{"width":506,"height":514,"url":"https:\/\/mini-kindermusical.de\/wp-content\/uploads\/2020\/12\/Freddie-Favicon.png","type":"image\/png"}],"twitter_card":"summary_large_image","twitter_misc":{"Gesch\u00e4tzte Lesezeit":"2\u00a0Minuten"},"schema":{"@context":"https:\/\/schema.org","@graph":[{"@type":"WebPage","@id":"https:\/\/mini-kindermusical.de\/index.php\/impressum\/","url":"https:\/\/mini-kindermusical.de\/index.php\/impressum\/","name":"IMPRESSUM - Mini-Kindermusicals der Kinderkantorei Kaiserswerth&amp;Lohausen","isPartOf":{"@id":"https:\/\/mini-kindermusical.de\/#website"},"datePublished":"2020-12-19T13:34:03+00:00","dateModified":"2020-12-19T13:35:32+00:00","description":"Liebevoll angeleitet von unsererKantorin Susanne Hiekel singen wirfetzige, freche, feinsinnige, fantasievolle, fr\u00f6hlicheund (nicht nur) fromme Lieder von biblischen Kindermusicals.","breadcrumb":{"@id":"https:\/\/mini-kindermusical.de\/index.php\/impressum\/#breadcrumb"},"inLanguage":"de","potentialAction":[{"@type":"ReadAction","target":["https:\/\/mini-kindermusical.de\/index.php\/impressum\/"]}]},{"@type":"BreadcrumbList","@id":"https:\/\/mini-kindermusical.de\/index.php\/impressum\/#breadcrumb","itemListElement":[{"@type":"ListItem","position":1,"name":"Home","item":"https:\/\/mini-kindermusical.de\/"},{"@type":"ListItem","position":2,"name":"IMPRESSUM"}]},{"@type":"WebSite","@id":"https:\/\/mini-kindermusical.de\/#website","url":"https:\/\/mini-kindermusical.de\/","name":"Mini-Kindermusicals der Kinderkantorei Kaiserswerth&amp;Lohausen","description":"Einfache coole kleine Mini-Kindermusicals","potentialAction":[{"@type":"SearchAction","target":{"@type":"EntryPoint","urlTemplate":"https:\/\/mini-kindermusical.de\/?s={search_term_string}"},"query-input":{"@type":"PropertyValueSpecification","valueRequired":true,"valueName":"search_term_string"}}],"inLanguage":"de"}]}},"_links":{"self":[{"href":"https:\/\/mini-kindermusical.de\/index.php\/wp-json\/wp\/v2\/pages\/442","targetHints":{"allow":["GET"]}}],"collection":[{"href":"https:\/\/mini-kindermusical.de\/index.php\/wp-json\/wp\/v2\/pages"}],"about":[{"href":"https:\/\/mini-kindermusical.de\/index.php\/wp-json\/wp\/v2\/types\/page"}],"author":[{"embeddable":true,"href":"https:\/\/mini-kindermusical.de\/index.php\/wp-json\/wp\/v2\/users\/1"}],"replies":[{"embeddable":true,"href":"https:\/\/mini-kindermusical.de\/index.php\/wp-json\/wp\/v2\/comments?post=442"}],"version-history":[{"count":4,"href":"https:\/\/mini-kindermusical.de\/index.php\/wp-json\/wp\/v2\/pages\/442\/revisions"}],"predecessor-version":[{"id":448,"href":"https:\/\/mini-kindermusical.de\/index.php\/wp-json\/wp\/v2\/pages\/442\/revisions\/448"}],"wp:attachment":[{"href":"https:\/\/mini-kindermusical.de\/index.php\/wp-json\/wp\/v2\/media?parent=442"}],"curies":[{"name":"wp","href":"https:\/\/api.w.org\/{rel}","templated":true}]}}